{"id":943,"date":"2022-03-19T21:09:58","date_gmt":"2022-03-19T20:09:58","guid":{"rendered":"https:\/\/amicaleteochew.fr\/?page_id=943"},"modified":"2022-03-29T21:10:52","modified_gmt":"2022-03-29T19:10:52","slug":"%e6%b3%95%e5%9b%bd%e6%bd%ae%e5%b7%9e%e4%bc%9a%e9%a6%86%e4%bb%8b%e7%bb%8d","status":"publish","type":"page","link":"https:\/\/amicaleteochew.fr\/fr\/%e6%b3%95%e5%9b%bd%e6%bd%ae%e5%b7%9e%e4%bc%9a%e9%a6%86%e4%bb%8b%e7%bb%8d\/","title":{"rendered":"L'Amicale des Teochew en France"},"content":{"rendered":"<div data-colibri-id=\"943-c1\" class=\"style-724 style-local-943-c1 position-relative\">\n  <!---->\n  <div data-colibri-component=\"section\" data-colibri-id=\"943-c2\" id=\"about\" class=\"h-section h-section-global-spacing d-flex align-items-lg-center align-items-md-center align-items-center style-725 style-local-943-c2 position-relative\">\n    <!---->\n    <!---->\n    <div class=\"h-section-grid-container h-section-boxed-container\">\n      <!---->\n      <div data-colibri-id=\"943-c3\" class=\"h-row-container gutters-row-lg-0 gutters-row-md-0 gutters-row-0 gutters-row-v-lg-0 gutters-row-v-md-0 gutters-row-v-0 style-726 style-local-943-c3 position-relative\">\n        <!---->\n        <div class=\"h-row justify-content-lg-center justify-content-md-center justify-content-center align-items-lg-stretch align-items-md-stretch align-items-stretch gutters-col-lg-0 gutters-col-md-0 gutters-col-0 gutters-col-v-lg-0 gutters-col-v-md-0 gutters-col-v-0\">\n          <!---->\n          <div class=\"h-column h-column-container d-flex h-col-lg-auto h-col-md-auto h-col-auto style-727-outer style-local-943-c4-outer\">\n            <div data-colibri-id=\"943-c4\" class=\"d-flex h-flex-basis h-column__inner h-px-lg-0 h-px-md-0 h-px-0 v-inner-lg-0 v-inner-md-0 v-inner-0 style-727 style-local-943-c4 position-relative\">\n              <!---->\n              <!---->\n              <div class=\"w-100 h-y-container h-column__content h-column__v-align flex-basis-100 align-self-lg-start align-self-md-start align-self-start\">\n                <!---->\n                <div data-colibri-id=\"943-c5\" class=\"h-global-transition-all h-heading style-729 style-local-943-c5 position-relative h-element\">\n                  <!---->\n                  <div class=\"h-heading__outer style-729 style-local-943-c5\">\n                    <!---->\n                    <!---->\n                    <h2 class=\"\">L'Amicale des Teochew en France<\/h2>\n                  <\/div>\n                <\/div>\n                <div data-colibri-id=\"943-c6\" class=\"h-text h-text-component style-730 style-local-943-c6 position-relative h-element\">\n                  <!---->\n                  <!---->\n                  <div class=\"\">\n                    <p>L'Amicale des Teochew en France a \u00e9t\u00e9 fond\u00e9e en mai 1986. Le principe est le suivant : favoriser l'amiti\u00e9, promouvoir la culture, d\u00e9velopper l'industrie et le commerce et servir la soci\u00e9t\u00e9. \u00c0 l'heure actuelle, il y a plus de 2 000 membres, sur trois g\u00e9n\u00e9rations de personnes, d'\u00e2ge moyen et de jeunes dans la m\u00eame association. Son pr\u00e9sident est M. Wen Ruichao.<\/p>\n                    <p> Depuis la cr\u00e9ation de l'association, conform\u00e9ment \u00e0 l'objectif, sous la direction des anciens pr\u00e9sidents, directeurs et superviseurs, il y a eu des \u00e9quipes de temples bouddhistes, des groupes financiers, des groupes culturels et \u00e9ducatifs, des groupes de femmes, des groupes de loisirs, des groupes de personnes \u00e2g\u00e9es , groupes de tourisme, groupes de relations publiques, groupes de l'industrie et du commerce, groupes de jeunes Commission groupe d'innovation scientifique et technologique, bureau et autres groupes fonctionnels pour mener \u00e0 bien diverses t\u00e2ches. L'activit\u00e9 de l'association est prosp\u00e8re et s'est forg\u00e9e une bonne image dans la soci\u00e9t\u00e9 fran\u00e7aise. La salle bouddhiste de l'association des Teochew en France est \u00e9galement r\u00e9pertori\u00e9e comme un paysage culturel important \u00e0 Paris, en France, et un flot incessant de touristes fran\u00e7ais vient visiter chaque jour.<\/p>\n                    <p>Au cours des 36 derni\u00e8res ann\u00e9es, l'association a beaucoup \u0153uvr\u00e9 pour favoriser les \u00e9changes amicaux, les \u00e9changes culturels et renforcer la compr\u00e9hension entre les peuples chinois et fran\u00e7ais.<\/p>\n                    <p>\n                      <br>\n                    <\/p>\n                  <\/div>\n                <\/div>\n              <\/div>\n            <\/div>\n          <\/div>\n          <div class=\"h-column h-column-container d-flex h-col-lg-auto h-col-md-auto h-col-auto style-731-outer style-local-943-c7-outer\">\n            <div data-colibri-id=\"943-c7\" class=\"d-flex h-flex-basis h-column__inner h-ui-empty-state-container h-px-lg-2 h-px-md-2 h-px-2 v-inner-lg-2 v-inner-md-2 v-inner-2 style-731 style-local-943-c7 position-relative\">\n              <!---->\n              <!---->\n              <div class=\"w-100 h-y-container h-column__content h-column__v-align flex-basis-100\">\n                <!---->\n              <\/div>\n            <\/div>\n          <\/div>\n        <\/div>\n      <\/div>\n    <\/div>\n  <\/div>\n  <div data-colibri-component=\"section\" data-colibri-id=\"943-c8\" id=\"contact\" class=\"h-section h-section-global-spacing d-flex align-items-lg-center align-items-md-center align-items-center style-837 style-local-943-c8 position-relative\">\n    <div class=\"background-wrapper\">\n      <div class=\"background-layer background-layer-media-container-lg\">\n        <!---->\n        <div class=\"overlay-layer\">\n          <div class=\"overlay-image-layer\" style=\"background-color: rgb(23, 37, 42); opacity: 0.5;\"><\/div>\n        <\/div>\n      <\/div>\n      <div class=\"background-layer background-layer-media-container-md\">\n        <!---->\n        <div class=\"overlay-layer\">\n          <div class=\"overlay-image-layer\" style=\"background-color: rgb(23, 37, 42); opacity: 0.5;\"><\/div>\n        <\/div>\n      <\/div>\n      <div class=\"background-layer background-layer-media-container\">\n        <!---->\n        <div class=\"overlay-layer\">\n          <div class=\"overlay-image-layer\" style=\"background-color: rgb(23, 37, 42); opacity: 0.5;\"><\/div>\n        <\/div>\n      <\/div>\n    <\/div>\n    <!---->\n    <div class=\"h-section-grid-container h-section-boxed-container\">\n      <!---->\n      <div data-colibri-id=\"943-c9\" class=\"h-row-container gutters-row-lg-2 gutters-row-md-2 gutters-row-2 gutters-row-v-lg-2 gutters-row-v-md-2 gutters-row-v-2 style-838 style-local-943-c9 position-relative\">\n        <!---->\n        <div class=\"h-row justify-content-lg-center justify-content-md-center justify-content-center align-items-lg-stretch align-items-md-stretch align-items-stretch gutters-col-lg-2 gutters-col-md-2 gutters-col-2 gutters-col-v-lg-2 gutters-col-v-md-2 gutters-col-v-2\">\n          <!---->\n          <div class=\"h-column h-column-container d-flex h-col-lg-auto h-col-md-auto h-col-auto style-839-outer style-local-943-c10-outer\">\n            <div data-colibri-id=\"943-c10\" class=\"d-flex h-flex-basis h-column__inner h-px-lg-0 h-px-md-0 h-px-0 v-inner-lg-0 v-inner-md-0 v-inner-0 style-839 style-local-943-c10 position-relative\">\n              <!---->\n              <!---->\n              <div class=\"w-100 h-y-container h-column__content h-column__v-align flex-basis-100 align-self-lg-start align-self-md-start align-self-start\">\n                <!---->\n                <div data-colibri-id=\"943-c11\" class=\"h-row-container gutters-row-lg-0 gutters-row-md-0 gutters-row-0 gutters-row-v-lg-0 gutters-row-v-md-0 gutters-row-v-0 style-840 style-local-943-c11 position-relative\">\n                  <!---->\n                  <div class=\"h-row justify-content-lg-center justify-content-md-center justify-content-center align-items-lg-stretch align-items-md-stretch align-items-stretch gutters-col-lg-0 gutters-col-md-0 gutters-col-0 gutters-col-v-lg-0 gutters-col-v-md-0 gutters-col-v-0\">\n                    <!---->\n                    <div class=\"h-column h-column-container d-flex h-col-lg-auto h-col-md-auto h-col-auto style-841-outer style-local-943-c12-outer\">\n                      <div data-colibri-id=\"943-c12\" class=\"d-flex h-flex-basis h-column__inner h-px-lg-0 h-px-md-0 h-px-0 v-inner-lg-0 v-inner-md-0 v-inner-0 style-841 style-local-943-c12 position-relative\">\n                        <!---->\n                        <!---->\n                        <div class=\"w-100 h-y-container h-column__content h-column__v-align flex-basis-100 align-self-lg-center align-self-md-center align-self-center\">\n                          <!---->\n                          <div data-colibri-id=\"943-c13\" class=\"h-global-transition-all h-heading style-842 style-local-943-c13 position-relative h-element\">\n                            <!---->\n                            <div class=\"h-heading__outer style-842 style-local-943-c13\">\n                              <!---->\n                              <!---->\n                              <h4 class=\"\">Informations<\/h4>\n                            <\/div>\n                          <\/div>\n                          <div data-colibri-id=\"943-c14\" class=\"h-global-transition-all h-heading style-844 style-local-943-c14 position-relative h-element\">\n                            <!---->\n                            <div class=\"h-heading__outer style-844 style-local-943-c14\">\n                              <!---->\n                              <!---->\n                              <h5 class=\"\">\u6cd5\u56fd\u6f6e\u5dde\u4f1a\u9986\n                                <br>Amicale des Teochew en France<\/h5>\n                            <\/div>\n                          <\/div>\n                          <div data-colibri-id=\"943-c15\" class=\"h-text h-text-component style-848 style-local-943-c15 position-relative h-element\">\n                            <!---->\n                            <!---->\n                            <div class=\"\">\n                              <p>44, Avenue d&#8217;Ivry &#8211; 75013 Paris France<\/p>\n                              <p>T\u00e9l : 01 45 82 06 01<\/p>\n                              <p>E-mail : teochewfrance@hotmail.com<\/p>\n                              <p>Web : https:\/\/amicaleteochew.fr<\/p>\n                            <\/div>\n                          <\/div>\n                        <\/div>\n                      <\/div>\n                    <\/div>\n                    <div class=\"h-column h-column-container d-flex h-col-lg-auto h-col-md-auto h-col-auto style-846-outer style-local-943-c16-outer\">\n                      <div data-colibri-id=\"943-c16\" class=\"d-flex h-flex-basis h-column__inner h-px-lg-0 h-px-md-0 h-px-0 v-inner-lg-0 v-inner-md-0 v-inner-0 style-846 style-local-943-c16 position-relative\">\n                        <!---->\n                        <!---->\n                        <div class=\"w-100 h-y-container h-column__content h-column__v-align flex-basis-100 align-self-lg-center align-self-md-center align-self-center\">\n                          <!---->\n                          <div data-colibri-id=\"943-c17\" class=\"style-892 style-local-943-c17 position-relative h-element\">\n                            <!---->\n                            <div class=\"h-global-transition-all h-global-transition h-global-transition-all h-contact-form-shortcode\"><iframe loading=\"lazy\" width=\"100%\" height=\"450px\" frameborder=\"0\" allowfullscreen src=\"\/\/umap.openstreetmap.fr\/fr\/map\/carte-sans-nom_739363?scaleControl=true&miniMap=false&scrollWheelZoom=true&zoomControl=true&allowEdit=false&moreControl=true&searchControl=null&tilelayersControl=null&embedControl=null&datalayersControl=false&onLoadPanel=undefined&captionBar=false&datalayers=2177202\"><\/iframe><\/div>\n                          <\/div>\n                        <\/div>\n                      <\/div>\n                    <\/div>\n                  <\/div>\n                <\/div>\n              <\/div>\n            <\/div>\n          <\/div>\n        <\/div>\n      <\/div>\n    <\/div>\n  <\/div>\n<\/div>","protected":false},"excerpt":{"rendered":"<p>\u6cd5\u56fd\u6f6e\u5dde\u4f1a\u9986\u4ecb\u7ecd \u6cd5\u56fd\u6f6e\u5dde\u4f1a\u9986\u521b\u7acb\u4e8e1986\u5e745\u6708\u3002\u5b97\u65e8\u662f\uff1a\u6566\u7766\u4e61\u8c0a\u3001\u5f18\u626c\u6587\u5316\u3001\u53d1\u5c55\u5de5\u5546\u3001\u670d\u52a1\u793e\u4f1a\u3002\u76ee\u524d\u4f1a\u5458\u4eba [&hellip;]<\/p>","protected":false},"author":1,"featured_media":0,"parent":0,"menu_order":0,"comment_status":"closed","ping_status":"closed","template":"page-templates\/full-width-page.php","meta":{"ngg_post_thumbnail":0,"footnotes":""},"class_list":["post-943","page","type-page","status-publish","hentry"],"_links":{"self":[{"href":"https:\/\/amicaleteochew.fr\/fr\/wp-json\/wp\/v2\/pages\/943","targetHints":{"allow":["GET"]}}],"collection":[{"href":"https:\/\/amicaleteochew.fr\/fr\/wp-json\/wp\/v2\/pages"}],"about":[{"href":"https:\/\/amicaleteochew.fr\/fr\/wp-json\/wp\/v2\/types\/page"}],"author":[{"embeddable":true,"href":"https:\/\/amicaleteochew.fr\/fr\/wp-json\/wp\/v2\/users\/1"}],"replies":[{"embeddable":true,"href":"https:\/\/amicaleteochew.fr\/fr\/wp-json\/wp\/v2\/comments?post=943"}],"version-history":[{"count":20,"href":"https:\/\/amicaleteochew.fr\/fr\/wp-json\/wp\/v2\/pages\/943\/revisions"}],"predecessor-version":[{"id":1752,"href":"https:\/\/amicaleteochew.fr\/fr\/wp-json\/wp\/v2\/pages\/943\/revisions\/1752"}],"wp:attachment":[{"href":"https:\/\/amicaleteochew.fr\/fr\/wp-json\/wp\/v2\/media?parent=943"}],"curies":[{"name":"wp","href":"https:\/\/api.w.org\/{rel}","templated":true}]}}